{"id":292,"date":"2017-06-10T08:21:56","date_gmt":"2017-06-10T08:21:56","guid":{"rendered":"http:\/\/xtratheme.combusiness-2\/?page_id=4"},"modified":"2022-01-29T12:15:18","modified_gmt":"2022-01-29T12:15:18","slug":"home","status":"publish","type":"page","link":"https:\/\/russian-blue.eu\/hr\/","title":{"rendered":"Home"},"content":{"rendered":"<section class=\"wpb-content-wrapper\"><p>[vc_row css=&#8221;.vc_custom_1510402847341{margin-top: -60px !important;}&#8221;][vc_column css=&#8221;.vc_custom_1514374730404{margin-right: 4px !important;margin-left: 4px !important;padding-right: 10px !important;padding-left: 10px !important;}&#8221; offset=&#8221;vc_col-lg-4&#8243;]<div class=\"cz_eqh cz_content_box_parent_fx  \"><div id=\"cz_64570\" class=\"cz_64570 cz_content_box clr\"><div class=\"cz_box_front clr\"><div class=\"cz_box_front_inner clr \"><span><\/span><div><div id=\"cz_84194\" class=\"cz_84194 cz_title clr cz_smart_fs cz_title_has_icon cz_title_pos_inline\"><a href=\"https:\/\/russian-blue.eu\/our-cats\/\" title=\"Our cats\"><div class=\"cz_title_content\"><i class=\"cz_title_icon_before fas fa-cat\"><\/i><div class=\"cz_wpe_content\"><h4>NA\u0160E MA\u010cKE<\/h4>\n<p>Saznajte vi\u0161e o na\u0161im ma\u010dkama<\/p>\n<\/div><\/div><\/a><\/div><\/div><\/div><\/div><\/div><\/div>[\/vc_column][vc_column css=&#8221;.vc_custom_1514374739293{margin-right: 4px !important;margin-left: 4px !important;padding-right: 10px !important;padding-left: 10px !important;}&#8221; offset=&#8221;vc_col-lg-4&#8243;]<div class=\"cz_eqh cz_content_box_parent_fx  \"><div id=\"cz_48310\" class=\"cz_48310 cz_content_box clr\"><div class=\"cz_box_front clr\"><div class=\"cz_box_front_inner clr \"><span><\/span><div><div id=\"cz_107681\" class=\"cz_107681 cz_title clr cz_smart_fs cz_title_has_icon cz_title_pos_inline\"><a href=\"https:\/\/russian-blue.eu\/breed-profile\/\" title=\"Breed profile\"><div class=\"cz_title_content\"><i class=\"cz_title_icon_before fas fa-info\"><\/i><div class=\"cz_wpe_content\"><h4>O PASMINI<\/h4>\n<p>Saznajte vi\u0161e o ruskoj plavoj ma\u010dki<\/p>\n<\/div><\/div><\/a><\/div><\/div><\/div><\/div><\/div><\/div>[\/vc_column][vc_column css=&#8221;.vc_custom_1514374718080{margin-right: 4px !important;margin-left: 4px !important;padding-right: 10px !important;padding-left: 10px !important;}&#8221; offset=&#8221;vc_col-lg-4&#8243;]<div class=\"cz_eqh cz_content_box_parent_fx  \"><div id=\"cz_93822\" class=\"cz_93822 cz_content_box clr\"><div class=\"cz_box_front clr\"><div class=\"cz_box_front_inner clr \"><span><\/span><div><div id=\"cz_63330\" class=\"cz_63330 cz_title clr cz_smart_fs cz_title_has_icon cz_title_pos_inline\"><a href=\"https:\/\/russian-blue.eu\/faq\/\" title=\"FAQ\"><div class=\"cz_title_content\"><i class=\"cz_title_icon_before fa fa-check\"><\/i><div class=\"cz_wpe_content\"><h4>F.A.Q.<\/h4>\n<p>U\u010destala pitanja i odgovori<\/p>\n<\/div><\/div><\/a><\/div><\/div><\/div><\/div><\/div><\/div>[\/vc_column][\/vc_row][vc_row][vc_column]<div class=\"cz_gap clr  hide_on_tablet hide_on_mobile\" style=\"height: 80px\"><\/div><div class=\"cz_gap show_on_tablet clr  show_only_tablet\" style=\"height: 80px\"><\/div><div class=\"cz_gap show_on_mobile clr\" style=\"height: 30px\"><\/div><div id=\"cz_99267\" class=\"cz_99267 cz_title clr cz_title_pos_inline tac\"><div class=\"cz_title_content\"><div class=\"cz_wpe_content\"><h3 style=\"text-align: center;\"><span style=\"font-size: 30px; color: #188b0d;\">Gojmerac Empire <em>Uzgajiva\u010dnica Ruskih Plavih Ma\u010daka<\/em><\/span><\/h3>\n<\/div><\/div><\/div><div id=\"cz_76896\" class=\"cz_76896 cz_title clr cz_title_pos_inline tac\"><div class=\"cz_title_content\"><div class=\"cz_wpe_content\"><h3 style=\"text-align: center;\"><span style=\"line-height: 2; font-size: 26px;\"><span style=\"font-weight: 300;\">Na\u0161a uzgajiva\u010dnica se bavi uzgojem modernih ruskih plavih ma\u010daka.<\/span><\/span><\/h3>\n<\/div><\/div><\/div>[vc_column_text]<\/p>\n<p style=\"text-align: center;\">Glavni cilj na\u0161eg uzgoja je da novi vlasnici svih na\u0161ih ma\u010di\u0107a dobiju pravog predstavnika pasmine, dobrog zdravlja i vrhunske pasminske kvalitete.<\/p>\n<p style=\"text-align: center;\">Najve\u0107e zadovoljstvo i nagrada nam je gledati kako na\u0161i ma\u010di\u0107i rastu!<\/p>\n<p>[\/vc_column_text][\/vc_column][\/vc_row][vc_row][vc_column]<div class=\"cz_gap clr  hide_on_tablet hide_on_mobile\" style=\"height: 80px\"><\/div><div class=\"cz_gap show_on_tablet clr  show_only_tablet\" style=\"height: 80px\"><\/div><div class=\"cz_gap show_on_mobile clr\" style=\"height: 30px\"><\/div>[\/vc_column][\/vc_row][vc_row full_width=&#8221;stretch_row_content_no_spaces&#8221; css=&#8221;.vc_custom_1585150334282{background-color: #188b0d !important;}&#8221;][vc_column width=&#8221;2\/3&#8243; css=&#8221;.vc_custom_1641481843809{padding-right: 30px !important;padding-left: 30px !important;}&#8221;]<div id=\"cz_73389\" class=\"cz-particles\"><div class=\"row clr\"><div class=\"cz_gap clr  hide_on_tablet hide_on_mobile\" style=\"height: 80px\"><\/div><div class=\"cz_gap show_on_tablet clr  show_only_tablet\" style=\"height: 80px\"><\/div><div class=\"cz_gap show_on_mobile clr\" style=\"height: 40px\"><\/div><div id=\"cz_14496\" class=\"cz_14496 cz_title clr cz_title_pos_inline\"><div class=\"cz_title_content\"><div class=\"cz_wpe_content\"><h3><span style=\"font-size: 42px;\">O\u00a0<em><span style=\"font-family: 'Playfair Display';\">Nama<\/span><\/em><\/span><\/h3>\n<\/div><\/div><\/div><div class=\"cz_gap clr  hide_on_tablet hide_on_mobile\" style=\"height: 50px\"><\/div><div class=\"cz_gap show_on_tablet clr  show_only_tablet\" style=\"height: 30px\"><\/div><div class=\"cz_gap show_on_mobile clr\" style=\"height: 30px\"><\/div>[vc_column_text]<\/p>\n<p class=\"p3\"><span class=\"s2\">Gojmerac Empire je hrvatska uzgajiva\u010dnica ruskih plavih ma\u010daka, smje\u0161tena u Zagrebu, s vrhunskim ma\u010di\u0107ima i uzgojnim ma\u010dkama.<\/span><\/p>\n<p class=\"p3\"><span class=\"s2\">\u010clanovi smo dvije najve\u0107e svjetske felinolo\u0161ke organizacije, WCF i FIFe.\u00a0 Sve na\u0161e uzgojne ma\u010dke pomno su odabrane i potomci su ma\u010daka najboljih linija diljem svijeta, a njihova ljepota i prekrasna narav to i potvr\u0111uju.\u00a0 Radimo zajedno za najbolji interes pasmine s najboljim uzgajiva\u010dima Ruskih plavih ma\u010daka.<\/span><\/p>\n<p class=\"p3\"><span class=\"s2\">Sudjelovanje na me\u0111unarodnim izlo\u017ebama ma\u010daka vrlo nam je va\u017eno kako bismo odr\u017eali standard na\u0161e pasmine na visokoj razini.\u00a0 Ponosni smo \u0161to u na\u0161em uzgojnom programu imamo Internatinal Champione, Champione, te Junior i Kitten Champione.<\/span><\/p>\n<p class=\"p3\"><span class=\"s2\">Veterinarski sam tehni\u010dar i \u017eivotinje su mi od ranog djetinjstva najve\u0107a ljubav.\u00a0 Ljubav prema Ruskim plavim ma\u010dkama rodila se na prvi pogled i imala sam samo jednu misao \u2013 uzgajat \u0107emo ova prekrasna stvorenja i svoju ljubav podijeliti s odabranim ljubiteljima ma\u010daka diljem svijeta.\u00a0<\/span><\/p>\n<p class=\"p3\"><span class=\"s2\">Rado \u0107emo Vas savjetovati i odgovoriti na sva Va\u0161a pitanja, te dati preporuke za njegu Ruskih plavih ma\u010di\u0107a.<\/span><\/p>\n<p class=\"p3\"><span class=\"s2\">Za sva pitanja slobodno nas kontaktirajte!<\/span><\/p>\n<p>[\/vc_column_text]<div class=\"cz_gap clr  hide_on_tablet hide_on_mobile\" style=\"height: 60px\"><\/div><div class=\"cz_gap show_on_tablet clr  show_only_tablet\" style=\"height: 60px\"><\/div><div class=\"cz_gap show_on_mobile clr\" style=\"height: 10px\"><\/div><\/div><\/div>\n<script>\n\n\t! function( $ ) {\n\n\t\tsetTimeout(function() {\n\t\t\tif ( typeof particlesJS != \"undefined\" ) {\n\n\t\t\t\tparticlesJS(\"cz_73389\", {\n\t\t\t\t  \"particles\": {\n\t\t\t\t    \"number\": {\n\t\t\t\t      \"value\": 50\n\t\t\t\t    },\n\t\t\t\t    \"color\": {\n\t\t\t\t      \"value\": \"#ffffff\"\n\t\t\t\t    },\n\t\t\t\t    \"shape\": {\n\t\t\t\t      \"type\": \"circle\",\n\t\t\t\t    },\n\t\t\t\t    \"line_linked\": {\n\t\t\t\t      \"enable\": false,\n\t\t\t\t      \"distance\": 10,\n\t\t\t\t      \"color\": \"#ffffff\",\n\t\t\t\t      \"opacity\": 0.4,\n\t\t\t\t      \"width\": 1\n\t\t\t\t    },\n\t\t\t\t    \"opacity\": {\n\t\t\t\t      \"value\": 0.5,\n\t\t\t\t      \"random\": true,\n\t\t\t\t      \"anim\": {\n\t\t\t\t        \"enable\": false,\n\t\t\t\t        \"speed\": 1,\n\t\t\t\t        \"opacity_min\": 0.1,\n\t\t\t\t        \"sync\": false\n\t\t\t\t      }\n\t\t\t\t    },\n\t\t\t\t    \"size\": {\n\t\t\t\t      \"value\": 10,\n\t\t\t\t      \"random\": true,\n\t\t\t\t      \"anim\": {\n\t\t\t\t        \"enable\": false,\n\t\t\t\t        \"speed\": 40,\n\t\t\t\t        \"size_min\": 0.1,\n\t\t\t\t        \"sync\": false\n\t\t\t\t      }\n\t\t\t\t    },\n\t\t\t\t    \"move\": {\n\t\t\t\t      \"enable\": true,\n\t\t\t\t      \"speed\": 4,\n\t\t\t\t      \"direction\": \"none\",\n\t\t\t\t      \"random\": false,\n\t\t\t\t      \"straight\": false,\n\t\t\t\t      \"out_mode\": \"out\",\n\t\t\t\t      \"bounce\": false,\n\t\t\t\t      \"attract\": {\n\t\t\t\t        \"enable\": false,\n\t\t\t\t        \"rotateX\": 600,\n\t\t\t\t        \"rotateY\": 1200\n\t\t\t\t      }\n\t\t\t\t    }\n\t\t\t\t  },\n\t\t\t\t  \"interactivity\": {\n\t\t\t\t    \"detect_on\": \"canvas\",\n\t\t\t\t    \"events\": {\n\t\t\t\t      \"onhover\": {\n\t\t\t\t        \"enable\": true,\n\t\t\t\t        \"mode\": \"grab\"\n\t\t\t\t      },\n\t\t\t\t      \"onclick\": {\n\t\t\t\t        \"enable\": true,\n\t\t\t\t        \"mode\": \"push\"\n\t\t\t\t      },\n\t\t\t\t      \"resize\": true\n\t\t\t\t    },\n\t\t\t\t    \"modes\": {\n\t\t\t\t      \"grab\": {\n\t\t\t\t        \"distance\": 100,\n\t\t\t\t        \"line_linked\": {\n\t\t\t\t          \"opacity\": 0\n\t\t\t\t        }\n\t\t\t\t      },\n\t\t\t\t      \"bubble\": {\n\t\t\t\t        \"distance\": 400,\n\t\t\t\t        \"size\": 40,\n\t\t\t\t        \"duration\": 2,\n\t\t\t\t        \"opacity\": 8,\n\t\t\t\t        \"speed\": 3\n\t\t\t\t      },\n\t\t\t\t      \"repulse\": {\n\t\t\t\t        \"distance\": 200,\n\t\t\t\t        \"duration\": 0.4\n\t\t\t\t      },\n\t\t\t\t      \"push\": {\n\t\t\t\t        \"particles_nb\": 4\n\t\t\t\t      },\n\t\t\t\t      \"remove\": {\n\t\t\t\t        \"particles_nb\": 2\n\t\t\t\t      }\n\t\t\t\t    }\n\t\t\t\t  },\n\t\t\t\t  \"retina_detect\": true\n\t\t\t\t});\n\t\t\t}\n\t\t}, 2000 );\n\n\t}( jQuery )\n\n<\/script>[\/vc_column][vc_column width=&#8221;1\/3&#8243; css=&#8221;.vc_custom_1641401547741{margin-right: 20px !important;}&#8221;]<div class=\"cz_gap clr  hide_on_tablet hide_on_mobile\" style=\"height: 80px\"><\/div><div class=\"cz_gap show_on_tablet clr  show_only_tablet\" style=\"height: 80px\"><\/div><div class=\"cz_gap show_on_mobile clr\" style=\"height: 20px\"><\/div><div id=\"cz_55568\" class=\"cz_55568 cz_image clr cz_image_no_fx center_on_mobile\"><div class=\"cz_svg_bg\" ><div class=\"cz_image_in\"><div class=\"cz_main_image\"><img decoding=\"async\" width=\"1242\" height=\"1507\" src=\"data:image\/svg+xml,%3Csvg%20xmlns%3D&#39;http%3A%2F%2Fwww.w3.org%2F2000%2Fsvg&#39;%20width=&#39;1242&#39;%20height=&#39;1507&#39;%20viewBox%3D&#39;0%200%201242%201507&#39;%2F%3E\" data-czlz data-src=\"https:\/\/russian-blue.eu\/wp-content\/uploads\/2021\/12\/IMG_0907-e1641401047337.jpg\" class=\"attachment-400x500 size-400x500\" alt=\"\" data-srcset=\"https:\/\/russian-blue.eu\/wp-content\/uploads\/2021\/12\/IMG_0907-e1641401047337.jpg 1242w, https:\/\/russian-blue.eu\/wp-content\/uploads\/2021\/12\/IMG_0907-e1641401047337-247x300.jpg 247w, https:\/\/russian-blue.eu\/wp-content\/uploads\/2021\/12\/IMG_0907-e1641401047337-844x1024.jpg 844w, https:\/\/russian-blue.eu\/wp-content\/uploads\/2021\/12\/IMG_0907-e1641401047337-768x932.jpg 768w, https:\/\/russian-blue.eu\/wp-content\/uploads\/2021\/12\/IMG_0907-e1641401047337-600x728.jpg 600w\" data-sizes=\"(max-width: 1242px) 100vw, 1242px\" \/><\/div><\/div><\/div><\/div>[\/vc_column][\/vc_row][vc_row][vc_column]<div class=\"cz_gap clr  hide_on_tablet hide_on_mobile\" style=\"height: 140px\"><\/div><div class=\"cz_gap show_on_tablet clr \" style=\"height: 80px\"><\/div><div id=\"cz_28962\" class=\"cz_28962 cz_title clr cz_title_pos_inline tac\"><div class=\"cz_title_content\"><div class=\"cz_wpe_content\"><h3 style=\"text-align: center;\"><span style=\"font-size: 42px;\">Nove Slike<\/span><\/h3>\n<\/div><\/div><\/div><div id=\"cz_98632\" class=\"cz_98632 cz_title clr cz_title_pos_inline tac\"><div class=\"cz_title_content\"><div class=\"cz_wpe_content\"><p style=\"text-align: center;\">Fotografije s izlo\u017ebi i iz uzgajiva\u010dnice<\/p>\n<\/div><\/div><\/div><div class=\"cz_gap clr  hide_on_tablet hide_on_mobile\" style=\"height: 80px\"><\/div><div class=\"cz_gap show_on_tablet clr  show_only_tablet\" style=\"height: 50px\"><\/div><div class=\"cz_gap show_on_mobile clr\" style=\"height: 50px\"><\/div>[\/vc_column][\/vc_row][vc_row][vc_column width=&#8221;1\/2&#8243; offset=&#8221;vc_col-lg-3 vc_col-md-3&#8243;]<div id=\"cz_106463\" class=\"cz_106463 cz_team mb30 clr cz_team_2\"><div class=\"cz_team_img\"><img decoding=\"async\" width=\"700\" height=\"733\" src=\"data:image\/svg+xml,%3Csvg%20xmlns%3D&#39;http%3A%2F%2Fwww.w3.org%2F2000%2Fsvg&#39;%20width=&#39;700&#39;%20height=&#39;733&#39;%20viewBox%3D&#39;0%200%20700%20733&#39;%2F%3E\" data-czlz data-src=\"https:\/\/russian-blue.eu\/wp-content\/uploads\/2022\/01\/P1.jpg\" class=\"attachment-300x300 size-300x300\" alt=\"\" data-srcset=\"https:\/\/russian-blue.eu\/wp-content\/uploads\/2022\/01\/P1.jpg 700w, https:\/\/russian-blue.eu\/wp-content\/uploads\/2022\/01\/P1-286x300.jpg 286w, https:\/\/russian-blue.eu\/wp-content\/uploads\/2022\/01\/P1-600x628.jpg 600w\" data-sizes=\"(max-width: 700px) 100vw, 700px\" \/><div class=\"cz_team_social cz_social clr cz_social_colored_bg_hover cz_social_fx_4 tac\"><div class=\"cz_team_social_in\"><a href=\"https:\/\/web.facebook.com\/patricia.g.alnahyan\" class=\"cz-facebook\"  title=\"Facebook\" target=\"_blank\"><i class=\"fa fa-facebook\"><\/i><\/a><a href=\"https:\/\/instagram.com\/russianbluecattery_g.empire?utm_medium=copy_link\" class=\"cz-instagram\"  title=\"Instagram\" target=\"_blank\"><i class=\"fab fa-instagram\"><\/i><\/a><\/div><\/div><\/div><div class=\"cz_team_content cz_wpe_content\"><h4 style=\"text-align: center;\"><span style=\"font-size: 24px;\"><strong>ICH BW<\/strong><\/span><span style=\"font-size: 24px;\"><strong>\u00a0UW \u00a0<em><span style=\"font-family: 'Playfair Display';\">Boyard Roksi<\/span><\/em><\/strong><\/span><\/h4>\n<p style=\"text-align: center;\"><span style=\"color: #999999; font-size: 15px;\">Photo from FIFe cat show\u00a0<\/span><\/p>\n<\/div><\/div><div class=\"cz_gap clr  hide_on_tablet hide_on_mobile\" style=\"height: 0px\"><\/div><div class=\"cz_gap show_on_tablet clr  show_only_tablet\" style=\"height: 50px\"><\/div><div class=\"cz_gap show_on_mobile clr\" style=\"height: 50px\"><\/div>[\/vc_column][vc_column width=&#8221;1\/2&#8243; offset=&#8221;vc_col-lg-3 vc_col-md-3&#8243;]<div id=\"cz_19084\" class=\"cz_19084 cz_team mb30 clr cz_team_2\"><div class=\"cz_team_img\"><img decoding=\"async\" width=\"700\" height=\"730\" src=\"data:image\/svg+xml,%3Csvg%20xmlns%3D&#39;http%3A%2F%2Fwww.w3.org%2F2000%2Fsvg&#39;%20width=&#39;700&#39;%20height=&#39;730&#39;%20viewBox%3D&#39;0%200%20700%20730&#39;%2F%3E\" data-czlz data-src=\"https:\/\/russian-blue.eu\/wp-content\/uploads\/2022\/01\/p-1.jpg\" class=\"attachment-300x300 size-300x300\" alt=\"\" data-srcset=\"https:\/\/russian-blue.eu\/wp-content\/uploads\/2022\/01\/p-1.jpg 700w, https:\/\/russian-blue.eu\/wp-content\/uploads\/2022\/01\/p-1-288x300.jpg 288w, https:\/\/russian-blue.eu\/wp-content\/uploads\/2022\/01\/p-1-600x626.jpg 600w\" data-sizes=\"(max-width: 700px) 100vw, 700px\" \/><div class=\"cz_team_social cz_social clr cz_social_colored_bg_hover cz_social_fx_4 tac\"><div class=\"cz_team_social_in\"><a href=\"https:\/\/web.facebook.com\/patricia.g.alnahyan\" class=\"cz-facebook\"  title=\"Facebook\" target=\"_blank\"><i class=\"fab fa-facebook-square\"><\/i><\/a><a href=\"https:\/\/instagram.com\/russianbluecattery_g.empire?utm_medium=copy_link\" class=\"cz-instagram\"  title=\"Instagram\" target=\"_blank\"><i class=\"fab fa-instagram\"><\/i><\/a><\/div><\/div><\/div><div class=\"cz_team_content cz_wpe_content\"><h4 style=\"text-align: center;\"><span style=\"font-size: 24px;\"><strong>KCH GR* <span style=\"font-family: 'Playfair Display';\"><i>Siverine Ysabel<\/i><\/span><\/strong><\/span><\/h4>\n<p style=\"text-align: center;\"><span style=\"color: #999999; font-size: 15px;\">Photo from WCF cat show<\/span><\/p>\n<\/div><\/div><div class=\"cz_gap clr  hide_on_tablet hide_on_mobile\" style=\"height: 0px\"><\/div><div class=\"cz_gap show_on_tablet clr  show_only_tablet\" style=\"height: 50px\"><\/div><div class=\"cz_gap show_on_mobile clr\" style=\"height: 50px\"><\/div>[\/vc_column][vc_column width=&#8221;1\/2&#8243; offset=&#8221;vc_col-lg-3 vc_col-md-3&#8243;]<div id=\"cz_71914\" class=\"cz_71914 cz_team mb30 clr cz_team_2\"><div class=\"cz_team_img\"><img decoding=\"async\" width=\"700\" height=\"720\" src=\"data:image\/svg+xml,%3Csvg%20xmlns%3D&#39;http%3A%2F%2Fwww.w3.org%2F2000%2Fsvg&#39;%20width=&#39;700&#39;%20height=&#39;720&#39;%20viewBox%3D&#39;0%200%20700%20720&#39;%2F%3E\" data-czlz data-src=\"https:\/\/russian-blue.eu\/wp-content\/uploads\/2022\/01\/p-2.jpg\" class=\"attachment-300x300 size-300x300\" alt=\"\" data-srcset=\"https:\/\/russian-blue.eu\/wp-content\/uploads\/2022\/01\/p-2.jpg 700w, https:\/\/russian-blue.eu\/wp-content\/uploads\/2022\/01\/p-2-292x300.jpg 292w, https:\/\/russian-blue.eu\/wp-content\/uploads\/2022\/01\/p-2-600x617.jpg 600w\" data-sizes=\"(max-width: 700px) 100vw, 700px\" \/><div class=\"cz_team_social cz_social clr cz_social_colored_bg_hover cz_social_fx_4 tac\"><div class=\"cz_team_social_in\"><a href=\"https:\/\/web.facebook.com\/patricia.g.alnahyan\" class=\"cz-facebook\"  title=\"Facebook\" target=\"_blank\"><i class=\"fa fa-facebook\"><\/i><\/a><a href=\"https:\/\/instagram.com\/russianbluecattery_g.empire?utm_medium=copy_link\" class=\"cz-instagram\"  title=\"Instagram\" target=\"_blank\"><i class=\"fa fa-instagram\"><\/i><\/a><\/div><\/div><\/div><div class=\"cz_team_content cz_wpe_content\"><h4 style=\"text-align: center;\"><span style=\"font-size: 24px;\"><strong>KCH GR* <span style=\"font-family: 'Playfair Display';\"><i>Siverine Ysabel<\/i><\/span><\/strong><\/span><\/h4>\n<p style=\"text-align: center;\"><span style=\"color: #999999; font-size: 15px;\">Photo from FIFe cat show<\/span><\/p>\n<\/div><\/div><div class=\"cz_gap clr  hide_on_tablet hide_on_mobile\" style=\"height: 0px\"><\/div><div class=\"cz_gap show_on_tablet clr  show_only_tablet\" style=\"height: 50px\"><\/div><div class=\"cz_gap show_on_mobile clr\" style=\"height: 50px\"><\/div>[\/vc_column][vc_column width=&#8221;1\/2&#8243; offset=&#8221;vc_col-lg-3 vc_col-md-3&#8243;]<div id=\"cz_55709\" class=\"cz_55709 cz_team mb30 clr cz_team_2\"><div class=\"cz_team_img\"><img decoding=\"async\" width=\"700\" height=\"695\" src=\"data:image\/svg+xml,%3Csvg%20xmlns%3D&#39;http%3A%2F%2Fwww.w3.org%2F2000%2Fsvg&#39;%20width=&#39;700&#39;%20height=&#39;695&#39;%20viewBox%3D&#39;0%200%20700%20695&#39;%2F%3E\" data-czlz data-src=\"https:\/\/russian-blue.eu\/wp-content\/uploads\/2022\/01\/p3.jpg\" class=\"attachment-300x300 size-300x300\" alt=\"\" data-srcset=\"https:\/\/russian-blue.eu\/wp-content\/uploads\/2022\/01\/p3.jpg 700w, https:\/\/russian-blue.eu\/wp-content\/uploads\/2022\/01\/p3-300x298.jpg 300w, https:\/\/russian-blue.eu\/wp-content\/uploads\/2022\/01\/p3-150x150.jpg 150w, https:\/\/russian-blue.eu\/wp-content\/uploads\/2022\/01\/p3-600x596.jpg 600w, https:\/\/russian-blue.eu\/wp-content\/uploads\/2022\/01\/p3-100x100.jpg 100w\" data-sizes=\"(max-width: 700px) 100vw, 700px\" \/><div class=\"cz_team_social cz_social clr cz_social_colored_bg_hover cz_social_fx_4 tac\"><div class=\"cz_team_social_in\"><a href=\"https:\/\/web.facebook.com\/patricia.g.alnahyan\" class=\"cz-facebook\"  title=\"Facebook\" target=\"_blank\"><i class=\"fa fa-facebook\"><\/i><\/a><a href=\"https:\/\/instagram.com\/russianbluecattery_g.empire?utm_medium=copy_link\" class=\"cz-instagram\"  title=\"Instagram\" target=\"_blank\"><i class=\"fab fa-instagram\"><\/i><\/a><\/div><\/div><\/div><div class=\"cz_team_content cz_wpe_content\"><h4 style=\"text-align: center;\"><span style=\"font-size: 24px;\"><strong>ICH BW<\/strong><\/span><span style=\"font-size: 24px;\"><strong>\u00a0UW \u00a0<em><span style=\"font-family: 'Playfair Display';\">Boyard Roksi<\/span><\/em><\/strong><\/span><\/h4>\n<p style=\"text-align: center;\"><span style=\"color: #999999; font-size: 15px;\">Photo from FIFe Cat show<\/span><\/p>\n<\/div><\/div>[\/vc_column][\/vc_row][vc_row full_width=&#8221;stretch_row&#8221;][vc_column]<div class=\"cz_gap clr  hide_on_tablet hide_on_mobile\" style=\"height: 140px\"><\/div><div class=\"cz_gap show_on_tablet clr \" style=\"height: 60px\"><\/div>[\/vc_column][\/vc_row][vc_row][vc_column]<div class=\"cz_gap clr  hide_on_tablet hide_on_mobile\" style=\"height: 40px\"><\/div><div class=\"cz_gap show_on_tablet clr  show_only_tablet\" style=\"height: 40px\"><\/div><div class=\"cz_gap show_on_mobile clr\" style=\"height: 10px\"><\/div>[\/vc_column][\/vc_row]<\/p>\n<\/section>","protected":false},"excerpt":{"rendered":"<p>[vc_row css=&#8221;.vc_custom_1510402847341{margin-top: -60px !important;}&#8221;][vc_column css=&#8221;.vc_custom_1514374730404{margin-right: 4px !important;margin-left: 4px !important;padding-right: 10px !important;padding-left: &#8230; <\/p>\n","protected":false},"author":1,"featured_media":0,"parent":0,"menu_order":0,"comment_status":"closed","ping_status":"closed","template":"","meta":{"footnotes":""},"class_list":["post-292","page","type-page","status-publish","hentry"],"translation":{"provider":"WPGlobus","version":"2.10.10","language":"hr","enabled_languages":["en","hr"],"languages":{"en":{"title":true,"content":true,"excerpt":false},"hr":{"title":false,"content":true,"excerpt":false}}},"yoast_head":"<!-- This site is optimized with the Yoast SEO plugin v20.6 - https:\/\/yoast.com\/wordpress\/plugins\/seo\/ -->\n<title>Home - Russian Blue Cattery<\/title>\n<meta name=\"robots\" content=\"index, follow, max-snippet:-1, max-image-preview:large, max-video-preview:-1\" \/>\n<link rel=\"canonical\" href=\"https:\/\/russian-blue.eu\/\" \/>\n<meta property=\"og:locale\" content=\"hr_HR\" \/>\n<meta property=\"og:type\" content=\"article\" \/>\n<meta property=\"og:title\" content=\"Home - Russian Blue Cattery\" \/>\n<meta property=\"og:url\" content=\"https:\/\/russian-blue.eu\/\" \/>\n<meta property=\"og:site_name\" content=\"Russian Blue Cattery\" \/>\n<meta property=\"article:modified_time\" content=\"2022-01-29T12:15:18+00:00\" \/>\n<meta name=\"twitter:card\" content=\"summary_large_image\" \/>\n<meta name=\"twitter:label1\" content=\"Est. reading time\" \/>\n\t<meta name=\"twitter:data1\" content=\"3 minutes\" \/>\n<script type=\"application\/ld+json\" class=\"yoast-schema-graph\">{\"@context\":\"https:\/\/schema.org\",\"@graph\":[{\"@type\":\"WebPage\",\"@id\":\"https:\/\/russian-blue.eu\/\",\"url\":\"https:\/\/russian-blue.eu\/\",\"name\":\"Home - Russian Blue Cattery\",\"isPartOf\":{\"@id\":\"https:\/\/russian-blue.eu\/#website\"},\"datePublished\":\"2017-06-10T08:21:56+00:00\",\"dateModified\":\"2022-01-29T12:15:18+00:00\",\"breadcrumb\":{\"@id\":\"https:\/\/russian-blue.eu\/#breadcrumb\"},\"inLanguage\":\"hr-HR\",\"potentialAction\":[{\"@type\":\"ReadAction\",\"target\":[\"https:\/\/russian-blue.eu\/\"]}]},{\"@type\":\"BreadcrumbList\",\"@id\":\"https:\/\/russian-blue.eu\/#breadcrumb\",\"itemListElement\":[{\"@type\":\"ListItem\",\"position\":1,\"name\":\"Home\",\"item\":\"https:\/\/russian-blue.eu\/\"},{\"@type\":\"ListItem\",\"position\":2,\"name\":\"Home\"}]},{\"@type\":\"WebSite\",\"@id\":\"https:\/\/russian-blue.eu\/#website\",\"url\":\"https:\/\/russian-blue.eu\/\",\"name\":\"Russian Blue Cattery\",\"description\":\"\",\"potentialAction\":[{\"@type\":\"SearchAction\",\"target\":{\"@type\":\"EntryPoint\",\"urlTemplate\":\"https:\/\/russian-blue.eu\/?s={search_term_string}\"},\"query-input\":\"required name=search_term_string\"}],\"inLanguage\":\"hr-HR\"}]}<\/script>\n<!-- \/ Yoast SEO plugin. -->","yoast_head_json":{"title":"Home - Russian Blue Cattery","robots":{"index":"index","follow":"follow","max-snippet":"max-snippet:-1","max-image-preview":"max-image-preview:large","max-video-preview":"max-video-preview:-1"},"canonical":"https:\/\/russian-blue.eu\/","og_locale":"hr_HR","og_type":"article","og_title":"Home - Russian Blue Cattery","og_url":"https:\/\/russian-blue.eu\/","og_site_name":"Russian Blue Cattery","article_modified_time":"2022-01-29T12:15:18+00:00","twitter_card":"summary_large_image","twitter_misc":{"Est. reading time":"3 minutes"},"schema":{"@context":"https:\/\/schema.org","@graph":[{"@type":"WebPage","@id":"https:\/\/russian-blue.eu\/","url":"https:\/\/russian-blue.eu\/","name":"Home - Russian Blue Cattery","isPartOf":{"@id":"https:\/\/russian-blue.eu\/#website"},"datePublished":"2017-06-10T08:21:56+00:00","dateModified":"2022-01-29T12:15:18+00:00","breadcrumb":{"@id":"https:\/\/russian-blue.eu\/#breadcrumb"},"inLanguage":"hr-HR","potentialAction":[{"@type":"ReadAction","target":["https:\/\/russian-blue.eu\/"]}]},{"@type":"BreadcrumbList","@id":"https:\/\/russian-blue.eu\/#breadcrumb","itemListElement":[{"@type":"ListItem","position":1,"name":"Home","item":"https:\/\/russian-blue.eu\/"},{"@type":"ListItem","position":2,"name":"Home"}]},{"@type":"WebSite","@id":"https:\/\/russian-blue.eu\/#website","url":"https:\/\/russian-blue.eu\/","name":"Russian Blue Cattery","description":"","potentialAction":[{"@type":"SearchAction","target":{"@type":"EntryPoint","urlTemplate":"https:\/\/russian-blue.eu\/?s={search_term_string}"},"query-input":"required name=search_term_string"}],"inLanguage":"hr-HR"}]}},"_links":{"self":[{"href":"https:\/\/russian-blue.eu\/hr\/wp-json\/wp\/v2\/pages\/292","targetHints":{"allow":["GET"]}}],"collection":[{"href":"https:\/\/russian-blue.eu\/hr\/wp-json\/wp\/v2\/pages"}],"about":[{"href":"https:\/\/russian-blue.eu\/hr\/wp-json\/wp\/v2\/types\/page"}],"author":[{"embeddable":true,"href":"https:\/\/russian-blue.eu\/hr\/wp-json\/wp\/v2\/users\/1"}],"replies":[{"embeddable":true,"href":"https:\/\/russian-blue.eu\/hr\/wp-json\/wp\/v2\/comments?post=292"}],"version-history":[{"count":47,"href":"https:\/\/russian-blue.eu\/hr\/wp-json\/wp\/v2\/pages\/292\/revisions"}],"predecessor-version":[{"id":1251,"href":"https:\/\/russian-blue.eu\/hr\/wp-json\/wp\/v2\/pages\/292\/revisions\/1251"}],"wp:attachment":[{"href":"https:\/\/russian-blue.eu\/hr\/wp-json\/wp\/v2\/media?parent=292"}],"curies":[{"name":"wp","href":"https:\/\/api.w.org\/{rel}","templated":true}]}}