{"id":19,"date":"2017-06-10T08:34:22","date_gmt":"2017-06-10T08:34:22","guid":{"rendered":"http:\/\/xtratheme.combusiness-2\/?page_id=13"},"modified":"2022-01-29T11:44:31","modified_gmt":"2022-01-29T11:44:31","slug":"faq","status":"publish","type":"page","link":"https:\/\/russian-blue.eu\/hr\/faq\/","title":{"rendered":"FAQ"},"content":{"rendered":"<section class=\"wpb-content-wrapper\"><p>[vc_row css=&#8221;.vc_custom_1497126171788{background-position: center !important;background-repeat: no-repeat !important;background-size: cover !important;}&#8221;][vc_column offset=&#8221;vc_col-lg-8&#8243; css=&#8221;.vc_custom_1516136899580{padding-right: 20px !important;}&#8221;]<div id=\"cz_12264\" class=\"cz_12264 cz_title clr cz_title_pos_inline\"><div class=\"cz_title_content\"><div class=\"cz_wpe_content\"><h3><span style=\"font-size: 34px;\">Imate li <em>Pitanja ?<\/em><\/span><\/h3>\n<\/div><\/div><\/div><div class=\"cz_gap clr \" style=\"height: 40px\"><\/div>[vc_column_text]<\/p>\n<p class=\"p3\"><span class=\"s2\">Molimo pro\u010ditajte naj\u010de\u0161\u0107a pitanja u nastavku i ako ne mo\u017eete prona\u0107i svoj odgovor, po\u0161aljite nam svoj upit, a mi \u0107emo vam odgovoriti u najkra\u0107em mogu\u0107em roku.<\/span><\/p>\n<p>[\/vc_column_text]<div id=\"cz_51374\" class=\"cz_51374 cz_title clr cz_title_has_icon cz_title_pos_inline\"><div class=\"cz_title_content\"><i class=\"cz_title_icon_before fa fa-question\"><\/i><div class=\"cz_wpe_content\"><h4>F.A.Qs<\/h4>\n<\/div><\/div><\/div><div id=\"cz_31050\" data-arrows='{\"open\":\"fa fa-angle-down\",\"close\":\"fa fa-angle-up\"}' class=\"cz_31050 cz_acc clr cz_acc_toggle\"><div><div id=\"cz_45024\"><span class=\"cz_acc_child\"><i class=\"cz-acc-i cz-acc-icon fa fa-bookmark-o\"><\/i><div>\u0160to trebam pripremiti za dolazak ma\u010di\u0107a?<\/div><\/span><div class=\"cz_acc_child_content clr\">[vc_column_text]<\/p>\n<p class=\"p3\"><span class=\"s2\">Nakon \u0161to ste odlu\u010dili nabaviti ma\u010di\u0107a, a dan dolaska je sve bli\u017ei, trebate zapo\u010deti s pripremama.<\/span><\/p>\n<p class=\"p3\"><span class=\"s2\">Ono \u0161to \u0107e ma\u010di\u0107 trebati prilikom dolaska u novi dom je sljede\u0107e:<\/span><\/p>\n<ul>\n<li class=\"p3\"><span class=\"s2\">\u00a0Ma\u010dji kreveti\u0107\/ jastuk\/\u00a0 le\u017eaj<\/span><\/li>\n<li class=\"p3\"><span class=\"s2\">\u00a0Hranu<\/span><\/li>\n<li class=\"p3\"><span class=\"s2\">\u00a0Posude za hranu i vodu<\/span><\/li>\n<li class=\"p3\"><span class=\"s2\">\u00a0Pje\u0161\u010danik i pijesak<\/span><\/li>\n<li class=\"p3\"><span class=\"s2\">\u00a0\u0160to vi\u0161e igra\u010daka<\/span><\/li>\n<li class=\"p3\"><span class=\"s2\">\u00a0Grebalice<\/span><\/li>\n<li class=\"p3\"><span class=\"s2\">\u00a0Ma\u010dje stablo\/ penjalicu<\/span><\/li>\n<li class=\"p3\"><span class=\"s2\">Veliki, siguran transporter (najbolji je mekani, platneni s otvorom na vrhu)<\/span><\/li>\n<li class=\"p3\"><span class=\"s2\">\u010cetka ili \u010de\u0161alj za njegu<\/span><\/li>\n<li class=\"p3\"><span class=\"s2\">Dekicu<\/span><\/li>\n<\/ul>\n<p>[\/vc_column_text]<\/div><\/div><div id=\"cz_90138\"><span class=\"cz_acc_child\"><div>Koju hranu koristiti za Rusku plavu ma\u010dku?<\/div><\/span><div class=\"cz_acc_child_content clr\">[vc_column_text]<\/p>\n<p class=\"p3\"><span class=\"s2\">Bilo da hranite sirovom, suhom, konzerviranom ili mje\u0161avinom svega, najva\u017enije je pru\u017eiti najbolju hranu koja \u0107e osigurati zdrav \u017eivot va\u0161e ma\u010dke.<\/span><\/p>\n<p class=\"p3\"><span class=\"s2\">Sirovo- samo ako imate pouzdan izvor mesa i sigurno je za konzumiranje.\u00a0 Prije nego ga ponudite va\u0161oj ma\u010dki, mora odstojati na zamrzavanju najmanje 7 dana.\u00a0 Za dodatnu sigurnost odmrznuto meso blan\u0161irajte kipu\u0107om vodom, ili samo ubacite kratko u kipu\u0107u vodu, rashladite na sobnu temperaturu i poslu\u017eite va\u0161oj ma\u010dki. Imajte na umu &#8211; vru\u0107e meso je pogubno za ma\u010dke. U prehrani ma\u010dke ne koristite svinjetinu &#8211; postoji opasnost od zaraze smrtonosnim bolestima za ma\u010dku, te je masno i pretesko za probavu. Ako se odlu\u010dite hraniti svoju ma\u010dku sirovim, bit \u0107e nam vi\u0161e nego drago podijeliti sve informacije i recepte s vama.<\/span><\/p>\n<p class=\"p3\"><span class=\"s2\">Riba\u00a0<\/span><\/p>\n<p class=\"p3\"><span class=\"s2\">Mi\u0161ljenja vezana konzumacije ribe, te koliko \u010desto su razli\u010dita.\u00a0 Jedni smatraju da ribu treba isklju\u010diti;\u00a0 ostali preporu\u010duju ribu davati jednom tjedno, ali obavezno kuhanu.\u00a0 Stvar je u tome \u0161to u mi\u0161i\u0107ima rije\u010dne ribe (\u0161aran, \u0161tuka, deverika) postoji ferment tiaminaze, koji negativno utje\u010de na vitamin B, nakon kuhanja ovaj ferment se uni\u0161tava i riba je sigurna za upotrebu.\u00a0 U slu\u010daju Ruskih plavih ma\u010daka prekomjerno konzumoranje ribe mo\u017ee uzrokovati promjenu nijanse dlake, obi\u010dno na sme\u0111i\/ bakteni ton. Stoga pripazite da ribu ne dajete \u010de\u0161\u0107e od jednom tjedno.<\/span><\/p>\n<p class=\"p3\"><span class=\"s2\">Suha hrana<\/span><\/p>\n<p class=\"p3\"><span class=\"s2\">Nikada u \u017eivotu ne dajite svojoj ma\u010dki komercijalne brendove hrane kao \u0161to su &#8220;Wiskas&#8221;, &#8220;Friskas&#8221;, &#8220;Kitekat&#8221;. Upotreba ovakve hrane garantira da \u0107ete u vrlo bliskoj budu\u0107nosti imati bolesnu \u017eivotinju.<\/span><\/p>\n<p class=\"p3\"><span class=\"s2\">Na\u0161 prvi izbor su Orijen i Acana, te Alleva. Ako svoju ma\u010dku hranite suhom hranom, vodite ra\u010duna da voda u zdjelici uvijek bude svje\u017ea iz boce ili fontane za ma\u010dke s filterom za \u010di\u0161\u0107enje.<\/span><\/p>\n<p class=\"p3\"><span class=\"s2\">Konzervirana hrana<\/span><\/p>\n<p class=\"p3\"><span class=\"s2\">Najve\u0107a prednost hranjenja konzerviranom hranom je ve\u0107i udio vode.<\/span><\/p>\n<p class=\"p3\"><span class=\"s2\">Konzervirana hrana je tako\u0111er vrlo ukusna, a neke ma\u010dke \u0107e radije jesti konzerviranu hranu umjesto suhe, osobito ako su izbirljive u jelu.\u00a0 Na\u0161a preporuka je Wild Freedom, Schesir, Cosma i Almo Nature, Applaws, te Animonda Carny.<\/span><\/p>\n<p class=\"p3\"><span class=\"s2\">Za ma\u010di\u0107e konzerviranu hranu treba pa\u017eljivo odabrati i izbalansirati kako bi se osigurao zdrav rast i razvoj.\u00a0<\/span><\/p>\n<p>[\/vc_column_text]<\/div><\/div><div id=\"cz_101224\"><span class=\"cz_acc_child\"><div>Kako se Ruske plave ma\u010dke sla\u017eu s djecom i drugim ku\u0107nim ljubimcima?<\/div><\/span><div class=\"cz_acc_child_content clr\">[vc_column_text]<\/p>\n<p class=\"p3\"><span class=\"s2\">Ruska plava ma\u010dka odli\u010dno je dru\u0161tvo za djecu bilo koje dobi.\u00a0 Odli\u010dno se sla\u017eu s drugim ma\u010dkama, pa \u010dak i psima.<\/span><\/p>\n<p class=\"p3\"><span class=\"s2\">Na\u0161e mace jos i dodatno jer uzgajamo i pomerance, te su upoznati s malim psima od najranije \u017eivotne dobi.\u00a0 Ruske plave su vrlo nje\u017ene ma\u010dke, ne pu\u0161taju kand\u017ee u igri, ali imajte na umu da djecu treba educirati kako se pona\u0161ati s ma\u010dkom, da budu nje\u017eni, ne vuku je za rep i ne stiskaju za trbuh.<\/span><\/p>\n<p>[\/vc_column_text]<\/div><\/div><div id=\"cz_72367\"><span class=\"cz_acc_child\"><div>Kako se Ruske plave ma\u010dke odnose prema nepoznatim osobama?<\/div><\/span><div class=\"cz_acc_child_content clr\">[vc_column_text]<\/p>\n<p class=\"p3\">Ruskim plavim ma\u010dkama treba vremena da prihvate nove ljude.\u00a0<span class=\"Apple-converted-space\">\u00a0<\/span>Ali kada se proces prilagodbe zavr\u0161i, ne\u0107e biti problema s komunikacijom, ma\u017eenjem i igranjem.\u00a0<span class=\"Apple-converted-space\">\u00a0<\/span>Ova pasmina ima izuzetno pam\u0107enje.\u00a0<span class=\"Apple-converted-space\">\u00a0<\/span>Ukoliko ma\u010dku upoznate s novom osobom, ona \u0107e se te osobe sjetiti pri sljede\u0107em susretu, \u010dak i ako je proslo du\u017ee vrijeme.<\/p>\n<p>[\/vc_column_text]<\/div><\/div><div id=\"cz_74269\"><span class=\"cz_acc_child\"><div>Treba li Ruska plava ma\u010dka grooming ?<\/div><\/span><div class=\"cz_acc_child_content clr\">[vc_column_text]<\/p>\n<p class=\"p3\"><span class=\"s2\">Kao i ve\u0107ina kratkodlakih pasmina, posebna briga za dlaku ruske plave ma\u010dke nije potrebna.\u00a0 Kako bi dlaka ostala mekana i sjajna, dovoljno je \u010de\u0161ljati je 1-2 puta tjedno.\u00a0 U razdoblju linjanja (prolje\u0107e i jesen) postupak se mo\u017ee \u010de\u0161\u0107e ponavljati.<\/span><\/p>\n<p class=\"p3\"><span class=\"s2\">Kupanje ma\u010dke bez posebne potrebe tako\u0111er nije potrebno.\u00a0 Ruske plave ma\u010dke su vrlo \u010diste, pa \u0107e kupanje biti korisno\/ nu\u017eno samo tijekom razdoblja linjanja ili ako se pripremate za izlo\u017ebu ma\u010daka.<\/span><\/p>\n<p>[\/vc_column_text]<\/div><\/div><div id=\"cz_97526\"><span class=\"cz_acc_child\"><div>Jesu li Ruske plave ma\u010dke hipoalergene?<\/div><\/span><div class=\"cz_acc_child_content clr\">[vc_column_text]<\/p>\n<p class=\"p3\"><span class=\"s2\">Da i ne.\u00a0 Istina je da ruske plave ma\u010dke imaju ni\u017eu razinu Fel d 1, proteina u ma\u010djoj slini i ko\u017enim izlu\u010devinama odgovornim za svrbe\u017e i kihanje.<\/span><\/p>\n<p class=\"p3\"><span class=\"s2\">Me\u0111utim, iako mogu proizvesti manje alergena, to ih ne \u010dini nu\u017eno sigurnima za alergi\u010dne, ali definitivno lak\u0161e podno\u0161ljivim!<\/span><\/p>\n<p>[\/vc_column_text]<\/div><\/div><div id=\"cz_63008\"><span class=\"cz_acc_child\"><div>Podrezivanje noktiju<\/div><\/span><div class=\"cz_acc_child_content clr\">[vc_column_text]<\/p>\n<p class=\"p3\">Kako biste sprije\u010dili da va\u0161 ljubimac grebe namje\u0161taj i tepihe, kand\u017ee je po\u017eeljno podrezati.\u00a0<span class=\"Apple-converted-space\">\u00a0<\/span>Za podrezivanje vrhova kand\u017ei potrebne su vam posebne \u0161karice za nokte koje su dostupne u svim trgovinama za ku\u0107ne ljubimce.\u00a0<span class=\"Apple-converted-space\">\u00a0<\/span>Redovitim podrezivanjem kand\u017ei , ma\u010dka se br\u017ee navikne na postupak i mirno ga podnosi.<\/p>\n<p>[\/vc_column_text]<\/div><\/div><\/div><\/div><div class=\"cz_gap clr \" style=\"height: 50px\"><\/div>[\/vc_column][vc_column offset=&#8221;vc_col-lg-4&#8243;]<div id=\"cz_78492\" class=\"cz_78492 cz_image clr cz_image_no_fx center_on_mobile\"><div class=\"\" ><div class=\"cz_image_in\"><div class=\"cz_main_image\"><img decoding=\"async\" width=\"1200\" height=\"800\" src=\"data:image\/svg+xml,%3Csvg%20xmlns%3D&#39;http%3A%2F%2Fwww.w3.org%2F2000%2Fsvg&#39;%20width=&#39;1200&#39;%20height=&#39;800&#39;%20viewBox%3D&#39;0%200%201200%20800&#39;%2F%3E\" data-czlz data-src=\"https:\/\/russian-blue.eu\/wp-content\/uploads\/2022\/01\/roksi1.jpg\" class=\"attachment-full\" alt=\"\" title=\"roksi1\" data-srcset=\"https:\/\/russian-blue.eu\/wp-content\/uploads\/2022\/01\/roksi1.jpg 1200w, https:\/\/russian-blue.eu\/wp-content\/uploads\/2022\/01\/roksi1-300x200.jpg 300w, https:\/\/russian-blue.eu\/wp-content\/uploads\/2022\/01\/roksi1-1024x683.jpg 1024w, https:\/\/russian-blue.eu\/wp-content\/uploads\/2022\/01\/roksi1-768x512.jpg 768w, https:\/\/russian-blue.eu\/wp-content\/uploads\/2022\/01\/roksi1-600x400.jpg 600w\" data-sizes=\"(max-width: 1200px) 100vw, 1200px\" \/><\/div><\/div><\/div><\/div><div id=\"cz_48515\" class=\"cz_48515 cz_title clr cz_title_has_icon cz_title_pos_inline\"><div class=\"cz_title_content\"><i class=\"cz_title_icon_before fa fa-comment\"><\/i><div class=\"cz_wpe_content\"><h4>Ask Us<\/h4>\n<\/div><\/div><\/div><div id=\"cz_49033\" class=\"cz_49033 cz_cf7 clr\"><div>\n<div class=\"wpcf7 no-js\" id=\"wpcf7-f506-o1\" lang=\"en-US\" dir=\"ltr\">\n<div class=\"screen-reader-response\"><p role=\"status\" aria-live=\"polite\" aria-atomic=\"true\"><\/p> <ul><\/ul><\/div>\n<form action=\"\/hr\/wp-json\/wp\/v2\/pages\/19#wpcf7-f506-o1\" method=\"post\" class=\"wpcf7-form init\" aria-label=\"Contact form\" novalidate=\"novalidate\" data-status=\"init\">\n<div style=\"display: none;\">\n<input type=\"hidden\" name=\"_wpcf7\" value=\"506\" \/>\n<input type=\"hidden\" name=\"_wpcf7_version\" value=\"5.7.6\" \/>\n<input type=\"hidden\" name=\"_wpcf7_locale\" value=\"en_US\" \/>\n<input type=\"hidden\" name=\"_wpcf7_unit_tag\" value=\"wpcf7-f506-o1\" \/>\n<input type=\"hidden\" name=\"_wpcf7_container_post\" value=\"0\" \/>\n<input type=\"hidden\" name=\"_wpcf7_posted_data_hash\" value=\"\" \/>\n<input type=\"hidden\" name=\"_wpcf7_recaptcha_response\" value=\"\" \/>\n<\/div>\n<p><label> Your Name (*) <\/label><br \/>\n<span class=\"wpcf7-form-control-wrap\" data-name=\"your-name\"><input size=\"40\" class=\"wpcf7-form-control wpcf7-text wpcf7-validates-as-required\" aria-required=\"true\" aria-invalid=\"false\" value=\"\" type=\"text\" name=\"your-name\" \/><\/span>\n<\/p>\n<p><label> Your Email (*) <\/label><br \/>\n<span class=\"wpcf7-form-control-wrap\" data-name=\"your-email\"><input size=\"40\" class=\"wpcf7-form-control wpcf7-text wpcf7-email wpcf7-validates-as-required wpcf7-validates-as-email\" aria-required=\"true\" aria-invalid=\"false\" value=\"\" type=\"email\" name=\"your-email\" \/><\/span>\n<\/p>\n<p><label> Subject <\/label><br \/>\n<span class=\"wpcf7-form-control-wrap\" data-name=\"your-subject\"><input size=\"40\" class=\"wpcf7-form-control wpcf7-text\" aria-invalid=\"false\" value=\"\" type=\"text\" name=\"your-subject\" \/><\/span>\n<\/p>\n<p><label> Your Question <\/label><br \/>\n<span class=\"wpcf7-form-control-wrap\" data-name=\"your-message\"><textarea cols=\"40\" rows=\"10\" class=\"wpcf7-form-control wpcf7-textarea\" aria-invalid=\"false\" name=\"your-message\"><\/textarea><\/span>\n<\/p>\n<p><input class=\"wpcf7-form-control has-spinner wpcf7-submit\" type=\"submit\" value=\"Ask\" \/>\n<\/p><div class=\"wpcf7-response-output\" aria-hidden=\"true\"><\/div>\n<\/form>\n<\/div>\n<\/div><\/div>[\/vc_column][\/vc_row]<\/p>\n<\/section>","protected":false},"excerpt":{"rendered":"<p>[vc_row css=&#8221;.vc_custom_1497126171788{background-position: center !important;background-repeat: no-repeat !important;background-size: cover !important;}&#8221;][vc_column offset=&#8221;vc_col-lg-8&#8243; css=&#8221;.vc_custom_1516136899580{padding-right: 20px &#8230; <\/p>\n","protected":false},"author":1,"featured_media":0,"parent":0,"menu_order":0,"comment_status":"closed","ping_status":"closed","template":"","meta":{"footnotes":""},"class_list":["post-19","page","type-page","status-publish","hentry"],"translation":{"provider":"WPGlobus","version":"2.10.10","language":"hr","enabled_languages":["en","hr"],"languages":{"en":{"title":true,"content":true,"excerpt":false},"hr":{"title":false,"content":true,"excerpt":false}}},"yoast_head":"<!-- This site is optimized with the Yoast SEO plugin v20.6 - https:\/\/yoast.com\/wordpress\/plugins\/seo\/ -->\n<title>FAQ - Russian Blue Cattery<\/title>\n<meta name=\"robots\" content=\"index, follow, max-snippet:-1, max-image-preview:large, max-video-preview:-1\" \/>\n<link rel=\"canonical\" href=\"https:\/\/russian-blue.eu\/faq\/\" \/>\n<meta property=\"og:locale\" content=\"hr_HR\" \/>\n<meta property=\"og:type\" content=\"article\" \/>\n<meta property=\"og:title\" content=\"FAQ - Russian Blue Cattery\" \/>\n<meta property=\"og:url\" content=\"https:\/\/russian-blue.eu\/faq\/\" \/>\n<meta property=\"og:site_name\" content=\"Russian Blue Cattery\" \/>\n<meta property=\"article:modified_time\" content=\"2022-01-29T11:44:31+00:00\" \/>\n<meta name=\"twitter:card\" content=\"summary_large_image\" \/>\n<meta name=\"twitter:label1\" content=\"Est. reading time\" \/>\n\t<meta name=\"twitter:data1\" content=\"4 minutes\" \/>\n<script type=\"application\/ld+json\" class=\"yoast-schema-graph\">{\"@context\":\"https:\/\/schema.org\",\"@graph\":[{\"@type\":\"WebPage\",\"@id\":\"https:\/\/russian-blue.eu\/faq\/\",\"url\":\"https:\/\/russian-blue.eu\/faq\/\",\"name\":\"FAQ - Russian Blue Cattery\",\"isPartOf\":{\"@id\":\"https:\/\/russian-blue.eu\/#website\"},\"datePublished\":\"2017-06-10T08:34:22+00:00\",\"dateModified\":\"2022-01-29T11:44:31+00:00\",\"breadcrumb\":{\"@id\":\"https:\/\/russian-blue.eu\/faq\/#breadcrumb\"},\"inLanguage\":\"hr-HR\",\"potentialAction\":[{\"@type\":\"ReadAction\",\"target\":[\"https:\/\/russian-blue.eu\/faq\/\"]}]},{\"@type\":\"BreadcrumbList\",\"@id\":\"https:\/\/russian-blue.eu\/faq\/#breadcrumb\",\"itemListElement\":[{\"@type\":\"ListItem\",\"position\":1,\"name\":\"Home\",\"item\":\"https:\/\/russian-blue.eu\/\"},{\"@type\":\"ListItem\",\"position\":2,\"name\":\"FAQ\"}]},{\"@type\":\"WebSite\",\"@id\":\"https:\/\/russian-blue.eu\/#website\",\"url\":\"https:\/\/russian-blue.eu\/\",\"name\":\"Russian Blue Cattery\",\"description\":\"\",\"potentialAction\":[{\"@type\":\"SearchAction\",\"target\":{\"@type\":\"EntryPoint\",\"urlTemplate\":\"https:\/\/russian-blue.eu\/?s={search_term_string}\"},\"query-input\":\"required name=search_term_string\"}],\"inLanguage\":\"hr-HR\"}]}<\/script>\n<!-- \/ Yoast SEO plugin. -->","yoast_head_json":{"title":"FAQ - Russian Blue Cattery","robots":{"index":"index","follow":"follow","max-snippet":"max-snippet:-1","max-image-preview":"max-image-preview:large","max-video-preview":"max-video-preview:-1"},"canonical":"https:\/\/russian-blue.eu\/faq\/","og_locale":"hr_HR","og_type":"article","og_title":"FAQ - Russian Blue Cattery","og_url":"https:\/\/russian-blue.eu\/faq\/","og_site_name":"Russian Blue Cattery","article_modified_time":"2022-01-29T11:44:31+00:00","twitter_card":"summary_large_image","twitter_misc":{"Est. reading time":"4 minutes"},"schema":{"@context":"https:\/\/schema.org","@graph":[{"@type":"WebPage","@id":"https:\/\/russian-blue.eu\/faq\/","url":"https:\/\/russian-blue.eu\/faq\/","name":"FAQ - Russian Blue Cattery","isPartOf":{"@id":"https:\/\/russian-blue.eu\/#website"},"datePublished":"2017-06-10T08:34:22+00:00","dateModified":"2022-01-29T11:44:31+00:00","breadcrumb":{"@id":"https:\/\/russian-blue.eu\/faq\/#breadcrumb"},"inLanguage":"hr-HR","potentialAction":[{"@type":"ReadAction","target":["https:\/\/russian-blue.eu\/faq\/"]}]},{"@type":"BreadcrumbList","@id":"https:\/\/russian-blue.eu\/faq\/#breadcrumb","itemListElement":[{"@type":"ListItem","position":1,"name":"Home","item":"https:\/\/russian-blue.eu\/"},{"@type":"ListItem","position":2,"name":"FAQ"}]},{"@type":"WebSite","@id":"https:\/\/russian-blue.eu\/#website","url":"https:\/\/russian-blue.eu\/","name":"Russian Blue Cattery","description":"","potentialAction":[{"@type":"SearchAction","target":{"@type":"EntryPoint","urlTemplate":"https:\/\/russian-blue.eu\/?s={search_term_string}"},"query-input":"required name=search_term_string"}],"inLanguage":"hr-HR"}]}},"_links":{"self":[{"href":"https:\/\/russian-blue.eu\/hr\/wp-json\/wp\/v2\/pages\/19","targetHints":{"allow":["GET"]}}],"collection":[{"href":"https:\/\/russian-blue.eu\/hr\/wp-json\/wp\/v2\/pages"}],"about":[{"href":"https:\/\/russian-blue.eu\/hr\/wp-json\/wp\/v2\/types\/page"}],"author":[{"embeddable":true,"href":"https:\/\/russian-blue.eu\/hr\/wp-json\/wp\/v2\/users\/1"}],"replies":[{"embeddable":true,"href":"https:\/\/russian-blue.eu\/hr\/wp-json\/wp\/v2\/comments?post=19"}],"version-history":[{"count":11,"href":"https:\/\/russian-blue.eu\/hr\/wp-json\/wp\/v2\/pages\/19\/revisions"}],"predecessor-version":[{"id":1246,"href":"https:\/\/russian-blue.eu\/hr\/wp-json\/wp\/v2\/pages\/19\/revisions\/1246"}],"wp:attachment":[{"href":"https:\/\/russian-blue.eu\/hr\/wp-json\/wp\/v2\/media?parent=19"}],"curies":[{"name":"wp","href":"https:\/\/api.w.org\/{rel}","templated":true}]}}